{"id":31,"date":"2018-07-16T08:51:49","date_gmt":"2018-07-16T08:51:49","guid":{"rendered":"http:\/\/alfred-schatz.de\/?page_id=31"},"modified":"2024-10-24T11:01:47","modified_gmt":"2024-10-24T11:01:47","slug":"zur-person","status":"publish","type":"page","link":"https:\/\/alfred-schatz.de\/?page_id=31","title":{"rendered":"zur Person"},"content":{"rendered":"<p><span style=\"text-decoration: underline;\"><strong>Schulbildung:<\/strong><\/span><br \/>\n09\/76 &#8211; 08\/80 Grundschule Dorfen<img loading=\"lazy\" decoding=\"async\" class=\"size-medium wp-image-23 alignright\" src=\"http:\/\/alfred-schatz.de\/wp-content\/uploads\/2018\/07\/buero-300x224.jpg\" alt=\"\" width=\"300\" height=\"224\" srcset=\"https:\/\/alfred-schatz.de\/wp-content\/uploads\/2018\/07\/buero-300x224.jpg 300w, https:\/\/alfred-schatz.de\/wp-content\/uploads\/2018\/07\/buero.jpg 326w\" sizes=\"(max-width: 300px) 100vw, 300px\" \/><br \/>\n09\/80 &#8211; 08\/85 Hauptschule Dorfen<br \/>\n08\/85 qualifizierender Abschlu\u00df<\/p>\n<p><span style=\"text-decoration: underline;\"><strong>Berufsausbildung:<\/strong><\/span><br \/>\n09\/85 &#8211; 01\/88 2 \u00bd-j\u00e4hrige Ausbildung (durch Lehrzeitverk\u00fcrzung) zum<br \/>\nKfz-Mechaniker bei der Firma Mercedes Forster in Dorfen<\/p>\n<p><span style=\"text-decoration: underline;\"><strong>Berufliche T\u00e4tigkeit:<\/strong><\/span><br \/>\n02\/88 &#8211; 06\/88 Kfz-Mechaniker bei der Firma Mercedes Forster<br \/>\n07\/88 &#8211; 10\/89 Ableistung der Wehrdienstzeit bei der Luftwaffe in Erding<br \/>\n11\/89 &#8211; 04\/91 Kfz-Spengler und Kfz-Mechaniker bei der Firma<br \/>\nMercedes Forster<br \/>\n05\/91 &#8211; 08\/92 Versuchsmechaniker im technischen Versuch bei<br \/>\nKnorr-Bremse-AG in M\u00fcnchen<\/p>\n<p><span style=\"text-decoration: underline;\"><strong>Fortbildung:<\/strong><\/span><br \/>\n09\/92 \u2013 07\/94 Weiterbildung zum staatlich Maschinenbautechniker<br \/>\n07\/94 Technikerpr\u00fcfung<br \/>\n09\/94 &#8211; 04\/98 Maschinenbautechniker, Fuhrpark- und Werkstattleiter<br \/>\nsowie Sachbearbeiter bei der Firma HIMA in Dorfen<br \/>\n05\/98 &#8211; 10\/99 Technischer Eink\u00e4ufer bei der Firma Microhandling in<br \/>\nM\u00fcnchen<br \/>\n11\/99 \u2013 08\/03 Fuhrpark- und Werkstattleiter sowie Sachbearbeiter bei<br \/>\nFa. Kiefinger in Dorfen<br \/>\n1999 \u2013 08\/03 Berufsbegleitend Kfz-Sachverst\u00e4ndiger<br \/>\nSeit 09\/03 Selbstst\u00e4ndiger Kfz-Sachverst\u00e4ndiger<br \/>\n05\/05 \u2013 02\/07 Weiterbildung berufsbegleitend zum Kfz-Meister<br \/>\n02.2007 Meisterpr\u00fcfung im Kraftfahrzeugtechniker &#8211; Handwerk<br \/>\n07.2024 Zertifizierung zum Sachverst\u00e4ndiger f\u00fcr das Kraftfahrzeugwesen ISO 17024 ECC<\/p>\n<p><span style=\"text-decoration: underline;\"><strong>Besondere Kenntnisse:<\/strong><\/span><br \/>\n&#8211; Montageerfahrung (haupts\u00e4chlich F\u00f6rderanlagen in der Automobil- und Spanplattenindustrie sowie von hyd. Pressenstra\u00dfen)<br \/>\n&#8211; Erfahrung als Karosseriespengler<br \/>\n&#8211; CAD<br \/>\n&#8211; EDV-Kenntnisse<br \/>\n&#8211; Word \/ Excel<br \/>\n&#8211; Airbag-, Klimaanlagen &#8211; und AU-Schulungen<\/p>\n","protected":false},"excerpt":{"rendered":"<p>Schulbildung: 09\/76 &#8211; 08\/80 Grundschule Dorfen 09\/80 &#8211; 08\/85 Hauptschule Dorfen 08\/85 qualifizierender Abschlu\u00df Berufsausbildung: 09\/85 &#8211; 01\/88 2 \u00bd-j\u00e4hrige Ausbildung (durch Lehrzeitverk\u00fcrzung) zum Kfz-Mechaniker bei der Firma Mercedes Forster [&#8230;]<\/p>\n","protected":false},"author":1,"featured_media":0,"parent":0,"menu_order":0,"comment_status":"closed","ping_status":"closed","template":"","meta":{"footnotes":""},"class_list":["post-31","page","type-page","status-publish","hentry"],"_links":{"self":[{"href":"https:\/\/alfred-schatz.de\/index.php?rest_route=\/wp\/v2\/pages\/31"}],"collection":[{"href":"https:\/\/alfred-schatz.de\/index.php?rest_route=\/wp\/v2\/pages"}],"about":[{"href":"https:\/\/alfred-schatz.de\/index.php?rest_route=\/wp\/v2\/types\/page"}],"author":[{"embeddable":true,"href":"https:\/\/alfred-schatz.de\/index.php?rest_route=\/wp\/v2\/users\/1"}],"replies":[{"embeddable":true,"href":"https:\/\/alfred-schatz.de\/index.php?rest_route=%2Fwp%2Fv2%2Fcomments&post=31"}],"version-history":[{"count":5,"href":"https:\/\/alfred-schatz.de\/index.php?rest_route=\/wp\/v2\/pages\/31\/revisions"}],"predecessor-version":[{"id":145,"href":"https:\/\/alfred-schatz.de\/index.php?rest_route=\/wp\/v2\/pages\/31\/revisions\/145"}],"wp:attachment":[{"href":"https:\/\/alfred-schatz.de\/index.php?rest_route=%2Fwp%2Fv2%2Fmedia&parent=31"}],"curies":[{"name":"wp","href":"https:\/\/api.w.org\/{rel}","templated":true}]}}